{"id":146401,"date":"2026-03-30T09:34:06","date_gmt":"2026-03-30T08:34:06","guid":{"rendered":"https:\/\/ramtechglobal.com\/checkout\/"},"modified":"2026-03-30T09:34:06","modified_gmt":"2026-03-30T08:34:06","slug":"caisse","status":"publish","type":"page","link":"https:\/\/ramtechglobal.com\/fr\/checkout\/","title":{"rendered":"Sortie de caisse"},"content":{"rendered":"<div class=\"wp-block-woocommerce-checkout alignwide wc-block-checkout is-loading\">\n<div class=\"wp-block-woocommerce-checkout-fields-block\">\n<div class=\"wp-block-woocommerce-checkout-express-payment-block\"><\/div>\n\n\n\n<div class=\"wp-block-woocommerce-checkout-contact-information-block\"><\/div>\n\n\n\n<div class=\"wp-block-woocommerce-checkout-shipping-method-block\"><\/div>\n\n\n\n<div class=\"wp-block-woocommerce-checkout-pickup-options-block\"><\/div>\n\n\n\n<div class=\"wp-block-woocommerce-checkout-shipping-address-block\"><\/div>\n\n\n\n<div class=\"wp-block-woocommerce-checkout-billing-address-block\"><\/div>\n\n\n\n<div class=\"wp-block-woocommerce-checkout-shipping-methods-block\"><\/div>\n\n\n\n<div class=\"wp-block-woocommerce-checkout-payment-block\"><\/div>\n\n\n\n<div class=\"wp-block-woocommerce-checkout-additional-information-block\"><\/div>\n\n\n\n<div class=\"wp-block-woocommerce-checkout-order-note-block\"><\/div>\n\n\n\n<div class=\"wp-block-woocommerce-checkout-terms-block\"><\/div>\n\n\n\n<div class=\"wp-block-woocommerce-checkout-actions-block\"><\/div>\n<\/div>\n\n\n\n<div class=\"wp-block-woocommerce-checkout-totals-block\">\n<div class=\"wp-block-woocommerce-checkout-order-summary-block\">\n<div class=\"wp-block-woocommerce-checkout-order-summary-cart-items-block\"><\/div>\n\n\n\n<div class=\"wp-block-woocommerce-checkout-order-summary-coupon-form-block\"><\/div>\n\n\n\n<div class=\"wp-block-woocommerce-checkout-order-summary-subtotal-block\"><\/div>\n\n\n\n<div class=\"wp-block-woocommerce-checkout-order-summary-fee-block\"><\/div>\n\n\n\n<div class=\"wp-block-woocommerce-checkout-order-summary-discount-block\"><\/div>\n\n\n\n<div class=\"wp-block-woocommerce-checkout-order-summary-shipping-block\"><\/div>\n\n\n\n<div class=\"wp-block-woocommerce-checkout-order-summary-taxes-block\"><\/div>\n<\/div>\n<\/div>\n<\/div>","protected":false},"excerpt":{"rendered":"","protected":false},"author":1,"featured_media":0,"parent":0,"menu_order":0,"comment_status":"closed","ping_status":"closed","template":"","meta":{"footnotes":""},"class_list":["post-146401","page","type-page","status-publish","hentry"],"yoast_head":"<!-- This site is optimized with the Yoast SEO Premium plugin v27.3 (Yoast SEO v27.3) - https:\/\/yoast.com\/product\/yoast-seo-premium-wordpress\/ -->\n<title>Checkout - Ramtech Global<\/title>\n<meta name=\"robots\" content=\"index, follow, max-snippet:-1, max-image-preview:large, max-video-preview:-1\" \/>\n<link rel=\"canonical\" href=\"https:\/\/ramtechglobal.com\/fr\/caisse\/\" \/>\n<meta property=\"og:locale\" content=\"fr_FR\" \/>\n<meta property=\"og:type\" content=\"article\" \/>\n<meta property=\"og:title\" content=\"Checkout\" \/>\n<meta property=\"og:url\" content=\"https:\/\/ramtechglobal.com\/fr\/caisse\/\" \/>\n<meta property=\"og:site_name\" content=\"Ramtech Global\" \/>\n<meta name=\"twitter:card\" content=\"summary_large_image\" \/>\n<script type=\"application\/ld+json\" class=\"yoast-schema-graph\">{\"@context\":\"https:\\\/\\\/schema.org\",\"@graph\":[{\"@type\":\"WebPage\",\"@id\":\"https:\\\/\\\/ramtechglobal.com\\\/checkout\\\/\",\"url\":\"https:\\\/\\\/ramtechglobal.com\\\/checkout\\\/\",\"name\":\"Checkout - Ramtech Global\",\"isPartOf\":{\"@id\":\"https:\\\/\\\/ramtechglobal.com\\\/#website\"},\"datePublished\":\"2026-03-30T08:34:06+00:00\",\"breadcrumb\":{\"@id\":\"https:\\\/\\\/ramtechglobal.com\\\/checkout\\\/#breadcrumb\"},\"inLanguage\":\"fr-FR\",\"potentialAction\":[{\"@type\":\"ReadAction\",\"target\":[\"https:\\\/\\\/ramtechglobal.com\\\/checkout\\\/\"]}]},{\"@type\":\"BreadcrumbList\",\"@id\":\"https:\\\/\\\/ramtechglobal.com\\\/checkout\\\/#breadcrumb\",\"itemListElement\":[{\"@type\":\"ListItem\",\"position\":1,\"name\":\"Home\",\"item\":\"https:\\\/\\\/ramtechglobal.com\\\/\"},{\"@type\":\"ListItem\",\"position\":2,\"name\":\"Checkout\"}]},{\"@type\":\"WebSite\",\"@id\":\"https:\\\/\\\/ramtechglobal.com\\\/#website\",\"url\":\"https:\\\/\\\/ramtechglobal.com\\\/\",\"name\":\"Ramtech Global\",\"description\":\"Shaping a Safer World Through Innovation\",\"publisher\":{\"@id\":\"https:\\\/\\\/ramtechglobal.com\\\/#organization\"},\"potentialAction\":[{\"@type\":\"SearchAction\",\"target\":{\"@type\":\"EntryPoint\",\"urlTemplate\":\"https:\\\/\\\/ramtechglobal.com\\\/?s={search_term_string}\"},\"query-input\":{\"@type\":\"PropertyValueSpecification\",\"valueRequired\":true,\"valueName\":\"search_term_string\"}}],\"inLanguage\":\"fr-FR\"},{\"@type\":\"Organization\",\"@id\":\"https:\\\/\\\/ramtechglobal.com\\\/#organization\",\"name\":\"Ramtech Global\",\"url\":\"https:\\\/\\\/ramtechglobal.com\\\/\",\"logo\":{\"@type\":\"ImageObject\",\"inLanguage\":\"fr-FR\",\"@id\":\"https:\\\/\\\/ramtechglobal.com\\\/#\\\/schema\\\/logo\\\/image\\\/\",\"url\":\"https:\\\/\\\/ramtechglobal.com\\\/wp-content\\\/uploads\\\/ramtech_logo_ob.svg\",\"contentUrl\":\"https:\\\/\\\/ramtechglobal.com\\\/wp-content\\\/uploads\\\/ramtech_logo_ob.svg\",\"width\":\"1\",\"height\":\"1\",\"caption\":\"Ramtech Global\"},\"image\":{\"@id\":\"https:\\\/\\\/ramtechglobal.com\\\/#\\\/schema\\\/logo\\\/image\\\/\"}}]}<\/script>\n<!-- \/ Yoast SEO Premium plugin. -->","yoast_head_json":{"title":"Paiement - Ramtech Global","robots":{"index":"index","follow":"follow","max-snippet":"max-snippet:-1","max-image-preview":"max-image-preview:large","max-video-preview":"max-video-preview:-1"},"canonical":"https:\/\/ramtechglobal.com\/fr\/caisse\/","og_locale":"fr_FR","og_type":"article","og_title":"Checkout","og_url":"https:\/\/ramtechglobal.com\/fr\/caisse\/","og_site_name":"Ramtech Global","twitter_card":"summary_large_image","schema":{"@context":"https:\/\/schema.org","@graph":[{"@type":"WebPage","@id":"https:\/\/ramtechglobal.com\/checkout\/","url":"https:\/\/ramtechglobal.com\/checkout\/","name":"Paiement - Ramtech Global","isPartOf":{"@id":"https:\/\/ramtechglobal.com\/#website"},"datePublished":"2026-03-30T08:34:06+00:00","breadcrumb":{"@id":"https:\/\/ramtechglobal.com\/checkout\/#breadcrumb"},"inLanguage":"fr-FR","potentialAction":[{"@type":"ReadAction","target":["https:\/\/ramtechglobal.com\/checkout\/"]}]},{"@type":"BreadcrumbList","@id":"https:\/\/ramtechglobal.com\/checkout\/#breadcrumb","itemListElement":[{"@type":"ListItem","position":1,"name":"Home","item":"https:\/\/ramtechglobal.com\/"},{"@type":"ListItem","position":2,"name":"Checkout"}]},{"@type":"WebSite","@id":"https:\/\/ramtechglobal.com\/#website","url":"https:\/\/ramtechglobal.com\/","name":"Ramtech Global","description":"Fa\u00e7onner un Monde Plus S\u00fbr Gr\u00e2ce \u00e0 l\u2019Innovation","publisher":{"@id":"https:\/\/ramtechglobal.com\/#organization"},"potentialAction":[{"@type":"SearchAction","target":{"@type":"EntryPoint","urlTemplate":"https:\/\/ramtechglobal.com\/?s={search_term_string}"},"query-input":{"@type":"PropertyValueSpecification","valueRequired":true,"valueName":"search_term_string"}}],"inLanguage":"fr-FR"},{"@type":"Organization","@id":"https:\/\/ramtechglobal.com\/#organization","name":"Ramtech Global","url":"https:\/\/ramtechglobal.com\/","logo":{"@type":"ImageObject","inLanguage":"fr-FR","@id":"https:\/\/ramtechglobal.com\/#\/schema\/logo\/image\/","url":"https:\/\/ramtechglobal.com\/wp-content\/uploads\/ramtech_logo_ob.svg","contentUrl":"https:\/\/ramtechglobal.com\/wp-content\/uploads\/ramtech_logo_ob.svg","width":"1","height":"1","caption":"Ramtech Global"},"image":{"@id":"https:\/\/ramtechglobal.com\/#\/schema\/logo\/image\/"}}]}},"_links":{"self":[{"href":"https:\/\/ramtechglobal.com\/fr\/wp-json\/wp\/v2\/pages\/146401","targetHints":{"allow":["GET"]}}],"collection":[{"href":"https:\/\/ramtechglobal.com\/fr\/wp-json\/wp\/v2\/pages"}],"about":[{"href":"https:\/\/ramtechglobal.com\/fr\/wp-json\/wp\/v2\/types\/page"}],"author":[{"embeddable":true,"href":"https:\/\/ramtechglobal.com\/fr\/wp-json\/wp\/v2\/users\/1"}],"replies":[{"embeddable":true,"href":"https:\/\/ramtechglobal.com\/fr\/wp-json\/wp\/v2\/comments?post=146401"}],"version-history":[{"count":0,"href":"https:\/\/ramtechglobal.com\/fr\/wp-json\/wp\/v2\/pages\/146401\/revisions"}],"wp:attachment":[{"href":"https:\/\/ramtechglobal.com\/fr\/wp-json\/wp\/v2\/media?parent=146401"}],"curies":[{"name":"wp","href":"https:\/\/api.w.org\/{rel}","templated":true}]}}