{"id":142452,"date":"2025-06-16T16:29:13","date_gmt":"2025-06-16T15:29:13","guid":{"rendered":"https:\/\/testing.ramtechglobal.com\/?page_id=142452"},"modified":"2025-09-19T15:15:58","modified_gmt":"2025-09-19T14:15:58","slug":"demander-une-demonstration","status":"publish","type":"page","link":"https:\/\/ramtechglobal.com\/fr\/request-a-demo\/","title":{"rendered":"Demander une D\u00e9monstration"},"content":{"rendered":"<div class=\"wpb-content-wrapper\"><div data-parent=\"true\" class=\"vc_row row-container\" style=\"z-index: 2;\" id=\"row-unique-0\"><div class=\"row quad-top-padding quad-bottom-padding double-h-padding limit-width row-parent\"><div class=\"wpb_row row-inner\"><div class=\"wpb_column pos-middle pos-center align_center column_parent col-lg-12 single-internal-gutter\"><div class=\"uncol style-light\"  ><div class=\"uncoltable\"><div class=\"uncell  parallax-el\" data-rellax-percentage=\"0.5\" data-rellax-speed=\"2\"><div class=\"uncont no-block-padding col-custom-width unshadow-lg\" style=\" max-width:60%;\" ><div class=\"vc_row row-internal row-container\"><div class=\"row col-double-gutter row-child\"><div class=\"wpb_row row-inner\"><div class=\"wpb_column pos-top pos-left align_left align_center_tablet align_center_mobile column_child col-lg-12 grey_hsform single-internal-gutter\"><div class=\"uncol style-spec style-dark\" ><div class=\"uncoltable\"><div class=\"uncell double-block-padding style-color-199620-bg  unradius-xl\" ><div class=\"column-background background-element\" style=\"opacity: 1;\">\n\t\t\t\t\t\t\t\t\t\t\t<div class=\"background-wrapper\">\n\t\t\t\t\t\t\t\t\t\t\t\t<div class=\"background-inner\"><\/div>\n\t\t\t\t\t\t\t\t\t\t\t\t<div class=\"block-bg-overlay\" style=\"opacity: 0.5;\" data-bg-noise-1=\"#323a45\" data-bg-noise-2=\"#e74011\" data-bg-noise-speed=\"1500\" data-bg-noise-size=\"0.7\"><span class=\"uncode-canvas-bg-noise-wrap\"><\/span><\/div>\n\t\t\t\t\t\t\t\t\t\t\t<\/div>\n\t\t\t\t\t\t\t\t\t\t<\/div><div class=\"uncont\" ><div class=\"icon-box icon-box-left  icon-inline\" ><div class=\"icon-box-icon fa-container\" style=\"width:50px;\" ><span class=\"text-default-color btn-disable-hover\"><span id=\"icon-764868\" style=\"width:50px\" class=\"icon-media\"><img decoding=\"async\" src=\"https:\/\/ramtechglobal.com\/wp-content\/uploads\/ramtech_icon_orange_59.svg\" alt=\"Ic\u00f4ne sur le th\u00e8me de l&#039;orange : Ic\u00f4ne Ramtech Orange 59\" \/><\/span><\/span><\/div><div class=\"icon-box-content\"><div class=\"icon-box-heading icon-box-fa-1x\"><h1 class=\"h1\">Demander une D\u00e9monstration<\/h1><\/div><\/div><\/div><div class=\"vc_custom_heading_wrap\"><div class=\"heading-text el-text\" ><h2 class=\"h3 font-weight-700 text-accent-color\" ><span>Voir nos solutions en action<\/span><\/h2><\/div><div class=\"clear\"><\/div><\/div><div class=\"uncode_text_column\" ><p>Pr\u00eat \u00e0 voir les syst\u00e8mes WES3\/REACT en action ? Demandez une d\u00e9monstration \u00e0 notre \u00e9quipe pour d\u00e9couvrir comment nos solutions de protection incendie et d'urgence sans fil peuvent r\u00e9pondre aux exigences de s\u00e9curit\u00e9 de votre site. Nos experts vous pr\u00e9senteront les capacit\u00e9s des deux syst\u00e8mes et vous aideront \u00e0 concevoir la solution de s\u00e9curit\u00e9 id\u00e9ale pour votre projet.<\/p>\n<\/div><div class=\"empty-space empty-single\" ><span class=\"empty-space-inner\"><\/span><\/div>\n\n\t<div class=\"wpb_raw_code wpb_raw_js\" >\n\t\t<div class=\"wpb_wrapper\">\n\t\t\t<script charset=\"utf-8\" type=\"text\/javascript\" src=\"\/\/js-eu1.hsforms.net\/forms\/embed\/v2.js\"><\/script>\n<script>\n  hbspt.forms.create({\n    portalId: \"26807906\",\n    formId: \"fe8b8d17-0c3e-4beb-97fe-f10cafe4bb7d\",\n    region: \"eu1\"\n  });\n<\/script>\n\t\t<\/div>\n\t<\/div>\n<\/div><\/div><\/div><\/div><\/div><\/div><\/div><\/div><\/div><\/div><\/div><\/div><\/div><script id=\"script-row-unique-0\" data-row=\"script-row-unique-0\" type=\"text\/javascript\" class=\"vc_controls\">UNCODE.initRow(document.getElementById(\"row-unique-0\"));<\/script><\/div><\/div><\/div>\n<\/div>","protected":false},"excerpt":{"rendered":"<p>Pr\u00eat \u00e0 voir les syst\u00e8mes WES3\/REACT en action ? Demandez une d\u00e9monstration \u00e0 notre \u00e9quipe pour d\u00e9couvrir comment nos solutions de protection incendie et d'urgence sans fil peuvent r\u00e9pondre aux exigences de s\u00e9curit\u00e9 de votre site. Nos experts vous pr\u00e9senteront les capacit\u00e9s des deux syst\u00e8mes et vous aideront \u00e0 concevoir la solution de s\u00e9curit\u00e9 id\u00e9ale pour votre projet.<\/p>","protected":false},"author":2,"featured_media":132283,"parent":0,"menu_order":0,"comment_status":"closed","ping_status":"closed","template":"","meta":{"footnotes":""},"class_list":["post-142452","page","type-page","status-publish","has-post-thumbnail","hentry"],"yoast_head":"<!-- This site is optimized with the Yoast SEO Premium plugin v27.4 (Yoast SEO v27.4) - https:\/\/yoast.com\/product\/yoast-seo-premium-wordpress\/ -->\n<title>Request Demo - Wireless Fire Safety Systems<\/title>\n<meta name=\"description\" content=\"Request a free demo of wireless fire safety systems. See WES3 and REACT fire protection in action. Book your demonstration today for complete site safety.\" \/>\n<meta name=\"robots\" content=\"index, follow, max-snippet:-1, max-image-preview:large, max-video-preview:-1\" \/>\n<link rel=\"canonical\" href=\"https:\/\/ramtechglobal.com\/fr\/demander-une-demonstration\/\" \/>\n<meta property=\"og:locale\" content=\"fr_FR\" \/>\n<meta property=\"og:type\" content=\"article\" \/>\n<meta property=\"og:title\" content=\"Request a Demo\" \/>\n<meta property=\"og:description\" content=\"Request a free demo of wireless fire safety systems. See WES3 and REACT fire protection in action. Book your demonstration today for complete site safety.\" \/>\n<meta property=\"og:url\" content=\"https:\/\/ramtechglobal.com\/fr\/demander-une-demonstration\/\" \/>\n<meta property=\"og:site_name\" content=\"Ramtech Global\" \/>\n<meta property=\"article:modified_time\" content=\"2025-09-19T14:15:58+00:00\" \/>\n<meta property=\"og:image\" content=\"https:\/\/ramtechglobal.com\/wp-content\/uploads\/ramtech_wes_react.webp\" \/>\n\t<meta property=\"og:image:width\" content=\"2133\" \/>\n\t<meta property=\"og:image:height\" content=\"929\" \/>\n\t<meta property=\"og:image:type\" content=\"image\/webp\" \/>\n<meta name=\"twitter:card\" content=\"summary_large_image\" \/>\n<meta name=\"twitter:label1\" content=\"Dur\u00e9e de lecture estim\u00e9e\" \/>\n\t<meta name=\"twitter:data1\" content=\"1 minute\" \/>\n<script type=\"application\/ld+json\" class=\"yoast-schema-graph\">{\"@context\":\"https:\\\/\\\/schema.org\",\"@graph\":[{\"@type\":\"WebPage\",\"@id\":\"https:\\\/\\\/ramtechglobal.com\\\/request-a-demo\\\/\",\"url\":\"https:\\\/\\\/ramtechglobal.com\\\/request-a-demo\\\/\",\"name\":\"Request Demo - Wireless Fire Safety Systems\",\"isPartOf\":{\"@id\":\"https:\\\/\\\/ramtechglobal.com\\\/#website\"},\"primaryImageOfPage\":{\"@id\":\"https:\\\/\\\/ramtechglobal.com\\\/request-a-demo\\\/#primaryimage\"},\"image\":{\"@id\":\"https:\\\/\\\/ramtechglobal.com\\\/request-a-demo\\\/#primaryimage\"},\"thumbnailUrl\":\"https:\\\/\\\/ramtechglobal.com\\\/wp-content\\\/uploads\\\/ramtech_wes_react.webp\",\"datePublished\":\"2025-06-16T15:29:13+00:00\",\"dateModified\":\"2025-09-19T14:15:58+00:00\",\"description\":\"Request a free demo of wireless fire safety systems. See WES3 and REACT fire protection in action. Book your demonstration today for complete site safety.\",\"breadcrumb\":{\"@id\":\"https:\\\/\\\/ramtechglobal.com\\\/request-a-demo\\\/#breadcrumb\"},\"inLanguage\":\"fr-FR\",\"potentialAction\":[{\"@type\":\"ReadAction\",\"target\":[\"https:\\\/\\\/ramtechglobal.com\\\/request-a-demo\\\/\"]}]},{\"@type\":\"ImageObject\",\"inLanguage\":\"fr-FR\",\"@id\":\"https:\\\/\\\/ramtechglobal.com\\\/request-a-demo\\\/#primaryimage\",\"url\":\"https:\\\/\\\/ramtechglobal.com\\\/wp-content\\\/uploads\\\/ramtech_wes_react.webp\",\"contentUrl\":\"https:\\\/\\\/ramtechglobal.com\\\/wp-content\\\/uploads\\\/ramtech_wes_react.webp\",\"width\":2133,\"height\":929},{\"@type\":\"BreadcrumbList\",\"@id\":\"https:\\\/\\\/ramtechglobal.com\\\/request-a-demo\\\/#breadcrumb\",\"itemListElement\":[{\"@type\":\"ListItem\",\"position\":1,\"name\":\"Home\",\"item\":\"https:\\\/\\\/ramtechglobal.com\\\/\"},{\"@type\":\"ListItem\",\"position\":2,\"name\":\"Request a Demo\"}]},{\"@type\":\"WebSite\",\"@id\":\"https:\\\/\\\/ramtechglobal.com\\\/#website\",\"url\":\"https:\\\/\\\/ramtechglobal.com\\\/\",\"name\":\"Ramtech Global\",\"description\":\"Shaping a Safer World Through Innovation\",\"publisher\":{\"@id\":\"https:\\\/\\\/ramtechglobal.com\\\/#organization\"},\"potentialAction\":[{\"@type\":\"SearchAction\",\"target\":{\"@type\":\"EntryPoint\",\"urlTemplate\":\"https:\\\/\\\/ramtechglobal.com\\\/?s={search_term_string}\"},\"query-input\":{\"@type\":\"PropertyValueSpecification\",\"valueRequired\":true,\"valueName\":\"search_term_string\"}}],\"inLanguage\":\"fr-FR\"},{\"@type\":\"Organization\",\"@id\":\"https:\\\/\\\/ramtechglobal.com\\\/#organization\",\"name\":\"Ramtech Global\",\"url\":\"https:\\\/\\\/ramtechglobal.com\\\/\",\"logo\":{\"@type\":\"ImageObject\",\"inLanguage\":\"fr-FR\",\"@id\":\"https:\\\/\\\/ramtechglobal.com\\\/#\\\/schema\\\/logo\\\/image\\\/\",\"url\":\"https:\\\/\\\/ramtechglobal.com\\\/wp-content\\\/uploads\\\/ramtech_logo_ob.svg\",\"contentUrl\":\"https:\\\/\\\/ramtechglobal.com\\\/wp-content\\\/uploads\\\/ramtech_logo_ob.svg\",\"width\":\"1\",\"height\":\"1\",\"caption\":\"Ramtech Global\"},\"image\":{\"@id\":\"https:\\\/\\\/ramtechglobal.com\\\/#\\\/schema\\\/logo\\\/image\\\/\"}}]}<\/script>\n<!-- \/ Yoast SEO Premium plugin. -->","yoast_head_json":{"title":"Demande de d\u00e9monstration - Syst\u00e8mes de s\u00e9curit\u00e9 incendie sans fil","description":"Demandez une d\u00e9monstration gratuite des syst\u00e8mes de s\u00e9curit\u00e9 incendie sans fil. Voyez la protection incendie WES3 et REACT en action. R\u00e9servez d\u00e8s aujourd'hui votre d\u00e9monstration pour une s\u00e9curit\u00e9 totale du site.","robots":{"index":"index","follow":"follow","max-snippet":"max-snippet:-1","max-image-preview":"max-image-preview:large","max-video-preview":"max-video-preview:-1"},"canonical":"https:\/\/ramtechglobal.com\/fr\/demander-une-demonstration\/","og_locale":"fr_FR","og_type":"article","og_title":"Request a Demo","og_description":"Request a free demo of wireless fire safety systems. See WES3 and REACT fire protection in action. Book your demonstration today for complete site safety.","og_url":"https:\/\/ramtechglobal.com\/fr\/demander-une-demonstration\/","og_site_name":"Ramtech Global","article_modified_time":"2025-09-19T14:15:58+00:00","og_image":[{"width":2133,"height":929,"url":"https:\/\/ramtechglobal.com\/wp-content\/uploads\/ramtech_wes_react.webp","type":"image\/webp"}],"twitter_card":"summary_large_image","twitter_misc":{"Dur\u00e9e de lecture estim\u00e9e":"1 minute"},"schema":{"@context":"https:\/\/schema.org","@graph":[{"@type":"WebPage","@id":"https:\/\/ramtechglobal.com\/request-a-demo\/","url":"https:\/\/ramtechglobal.com\/request-a-demo\/","name":"Demande de d\u00e9monstration - Syst\u00e8mes de s\u00e9curit\u00e9 incendie sans fil","isPartOf":{"@id":"https:\/\/ramtechglobal.com\/#website"},"primaryImageOfPage":{"@id":"https:\/\/ramtechglobal.com\/request-a-demo\/#primaryimage"},"image":{"@id":"https:\/\/ramtechglobal.com\/request-a-demo\/#primaryimage"},"thumbnailUrl":"https:\/\/ramtechglobal.com\/wp-content\/uploads\/ramtech_wes_react.webp","datePublished":"2025-06-16T15:29:13+00:00","dateModified":"2025-09-19T14:15:58+00:00","description":"Demandez une d\u00e9monstration gratuite des syst\u00e8mes de s\u00e9curit\u00e9 incendie sans fil. Voyez la protection incendie WES3 et REACT en action. R\u00e9servez d\u00e8s aujourd'hui votre d\u00e9monstration pour une s\u00e9curit\u00e9 totale du site.","breadcrumb":{"@id":"https:\/\/ramtechglobal.com\/request-a-demo\/#breadcrumb"},"inLanguage":"fr-FR","potentialAction":[{"@type":"ReadAction","target":["https:\/\/ramtechglobal.com\/request-a-demo\/"]}]},{"@type":"ImageObject","inLanguage":"fr-FR","@id":"https:\/\/ramtechglobal.com\/request-a-demo\/#primaryimage","url":"https:\/\/ramtechglobal.com\/wp-content\/uploads\/ramtech_wes_react.webp","contentUrl":"https:\/\/ramtechglobal.com\/wp-content\/uploads\/ramtech_wes_react.webp","width":2133,"height":929},{"@type":"BreadcrumbList","@id":"https:\/\/ramtechglobal.com\/request-a-demo\/#breadcrumb","itemListElement":[{"@type":"ListItem","position":1,"name":"Home","item":"https:\/\/ramtechglobal.com\/"},{"@type":"ListItem","position":2,"name":"Request a Demo"}]},{"@type":"WebSite","@id":"https:\/\/ramtechglobal.com\/#website","url":"https:\/\/ramtechglobal.com\/","name":"Ramtech Global","description":"Fa\u00e7onner un Monde Plus S\u00fbr Gr\u00e2ce \u00e0 l\u2019Innovation","publisher":{"@id":"https:\/\/ramtechglobal.com\/#organization"},"potentialAction":[{"@type":"SearchAction","target":{"@type":"EntryPoint","urlTemplate":"https:\/\/ramtechglobal.com\/?s={search_term_string}"},"query-input":{"@type":"PropertyValueSpecification","valueRequired":true,"valueName":"search_term_string"}}],"inLanguage":"fr-FR"},{"@type":"Organization","@id":"https:\/\/ramtechglobal.com\/#organization","name":"Ramtech Global","url":"https:\/\/ramtechglobal.com\/","logo":{"@type":"ImageObject","inLanguage":"fr-FR","@id":"https:\/\/ramtechglobal.com\/#\/schema\/logo\/image\/","url":"https:\/\/ramtechglobal.com\/wp-content\/uploads\/ramtech_logo_ob.svg","contentUrl":"https:\/\/ramtechglobal.com\/wp-content\/uploads\/ramtech_logo_ob.svg","width":"1","height":"1","caption":"Ramtech Global"},"image":{"@id":"https:\/\/ramtechglobal.com\/#\/schema\/logo\/image\/"}}]}},"_links":{"self":[{"href":"https:\/\/ramtechglobal.com\/fr\/wp-json\/wp\/v2\/pages\/142452","targetHints":{"allow":["GET"]}}],"collection":[{"href":"https:\/\/ramtechglobal.com\/fr\/wp-json\/wp\/v2\/pages"}],"about":[{"href":"https:\/\/ramtechglobal.com\/fr\/wp-json\/wp\/v2\/types\/page"}],"author":[{"embeddable":true,"href":"https:\/\/ramtechglobal.com\/fr\/wp-json\/wp\/v2\/users\/2"}],"replies":[{"embeddable":true,"href":"https:\/\/ramtechglobal.com\/fr\/wp-json\/wp\/v2\/comments?post=142452"}],"version-history":[{"count":4,"href":"https:\/\/ramtechglobal.com\/fr\/wp-json\/wp\/v2\/pages\/142452\/revisions"}],"predecessor-version":[{"id":145814,"href":"https:\/\/ramtechglobal.com\/fr\/wp-json\/wp\/v2\/pages\/142452\/revisions\/145814"}],"wp:featuredmedia":[{"embeddable":true,"href":"https:\/\/ramtechglobal.com\/fr\/wp-json\/wp\/v2\/media\/132283"}],"wp:attachment":[{"href":"https:\/\/ramtechglobal.com\/fr\/wp-json\/wp\/v2\/media?parent=142452"}],"curies":[{"name":"wp","href":"https:\/\/api.w.org\/{rel}","templated":true}]}}