{"id":142038,"date":"2025-02-28T12:10:36","date_gmt":"2025-02-28T12:10:36","guid":{"rendered":"https:\/\/testing.ramtechglobal.com\/?page_id=142038"},"modified":"2025-02-28T12:11:09","modified_gmt":"2025-02-28T12:11:09","slug":"entretien","status":"publish","type":"page","link":"https:\/\/ramtechglobal.com\/fr\/maintenance\/","title":{"rendered":"Maintenance"},"content":{"rendered":"<div class=\"wpb-content-wrapper\"><div data-parent=\"true\" class=\"vc_row row-container\" id=\"row-unique-0\"><div class=\"row limit-width row-parent\"><div class=\"wpb_row row-inner\"><div class=\"wpb_column pos-top pos-center align_left column_parent col-lg-12 single-internal-gutter\"><div class=\"uncol style-light\"  ><div class=\"uncoltable\"><div class=\"uncell no-block-padding\" ><div class=\"uncont\" ><div class=\"uncode-single-media  text-left\"><div class=\"single-wrapper\" style=\"max-width: 100%;\"><div class=\"tmb tmb-light  tmb-media-first tmb-media-last tmb-content-overlay tmb-no-bg\"><div class=\"t-inside\"><div class=\"t-entry-visual\"><div class=\"t-entry-visual-tc\"><div class=\"uncode-single-media-wrapper\"><img decoding=\"async\" class=\"wp-image-131682\" src=\"https:\/\/ramtechglobal.com\/wp-content\/uploads\/robot_not_found.webp\" width=\"1200\" height=\"1200\" alt=\"\" srcset=\"https:\/\/ramtechglobal.com\/wp-content\/uploads\/robot_not_found.webp 1200w, https:\/\/ramtechglobal.com\/wp-content\/uploads\/robot_not_found-768x768.webp 768w, https:\/\/ramtechglobal.com\/wp-content\/uploads\/robot_not_found-350x350.webp 350w, https:\/\/ramtechglobal.com\/wp-content\/uploads\/robot_not_found-348x348.webp 348w\" sizes=\"(max-width: 1200px) 100vw, 1200px\" \/><\/div>\n\t\t\t\t\t<\/div>\n\t\t\t\t<\/div><\/div><\/div><\/div><\/div><\/div><\/div><\/div><\/div><\/div><script id=\"script-row-unique-0\" data-row=\"script-row-unique-0\" type=\"text\/javascript\" class=\"vc_controls\">UNCODE.initRow(document.getElementById(\"row-unique-0\"));<\/script><\/div><\/div><\/div>\n<\/div>","protected":false},"excerpt":{"rendered":"","protected":false},"author":1,"featured_media":0,"parent":0,"menu_order":0,"comment_status":"closed","ping_status":"closed","template":"","meta":{"footnotes":""},"class_list":["post-142038","page","type-page","status-publish","hentry"],"yoast_head":"<!-- This site is optimized with the Yoast SEO Premium plugin v27.4 (Yoast SEO v27.4) - https:\/\/yoast.com\/product\/yoast-seo-premium-wordpress\/ -->\n<title>Maintenance - Ramtech Global<\/title>\n<meta name=\"robots\" content=\"index, follow, max-snippet:-1, max-image-preview:large, max-video-preview:-1\" \/>\n<link rel=\"canonical\" href=\"https:\/\/ramtechglobal.com\/fr\/entretien\/\" \/>\n<meta property=\"og:locale\" content=\"fr_FR\" \/>\n<meta property=\"og:type\" content=\"article\" \/>\n<meta property=\"og:title\" content=\"Maintenance\" \/>\n<meta property=\"og:url\" content=\"https:\/\/ramtechglobal.com\/fr\/entretien\/\" \/>\n<meta property=\"og:site_name\" content=\"Ramtech Global\" \/>\n<meta property=\"article:modified_time\" content=\"2025-02-28T12:11:09+00:00\" \/>\n<meta name=\"twitter:card\" content=\"summary_large_image\" \/>\n<meta name=\"twitter:label1\" content=\"Dur\u00e9e de lecture estim\u00e9e\" \/>\n\t<meta name=\"twitter:data1\" content=\"1 minute\" \/>\n<script type=\"application\/ld+json\" class=\"yoast-schema-graph\">{\"@context\":\"https:\\\/\\\/schema.org\",\"@graph\":[{\"@type\":\"WebPage\",\"@id\":\"https:\\\/\\\/ramtechglobal.com\\\/maintenance\\\/\",\"url\":\"https:\\\/\\\/ramtechglobal.com\\\/maintenance\\\/\",\"name\":\"Maintenance - Ramtech Global\",\"isPartOf\":{\"@id\":\"https:\\\/\\\/ramtechglobal.com\\\/#website\"},\"datePublished\":\"2025-02-28T12:10:36+00:00\",\"dateModified\":\"2025-02-28T12:11:09+00:00\",\"breadcrumb\":{\"@id\":\"https:\\\/\\\/ramtechglobal.com\\\/maintenance\\\/#breadcrumb\"},\"inLanguage\":\"fr-FR\",\"potentialAction\":[{\"@type\":\"ReadAction\",\"target\":[\"https:\\\/\\\/ramtechglobal.com\\\/maintenance\\\/\"]}]},{\"@type\":\"BreadcrumbList\",\"@id\":\"https:\\\/\\\/ramtechglobal.com\\\/maintenance\\\/#breadcrumb\",\"itemListElement\":[{\"@type\":\"ListItem\",\"position\":1,\"name\":\"Home\",\"item\":\"https:\\\/\\\/ramtechglobal.com\\\/\"},{\"@type\":\"ListItem\",\"position\":2,\"name\":\"Maintenance\"}]},{\"@type\":\"WebSite\",\"@id\":\"https:\\\/\\\/ramtechglobal.com\\\/#website\",\"url\":\"https:\\\/\\\/ramtechglobal.com\\\/\",\"name\":\"Ramtech Global\",\"description\":\"Shaping a Safer World Through Innovation\",\"publisher\":{\"@id\":\"https:\\\/\\\/ramtechglobal.com\\\/#organization\"},\"potentialAction\":[{\"@type\":\"SearchAction\",\"target\":{\"@type\":\"EntryPoint\",\"urlTemplate\":\"https:\\\/\\\/ramtechglobal.com\\\/?s={search_term_string}\"},\"query-input\":{\"@type\":\"PropertyValueSpecification\",\"valueRequired\":true,\"valueName\":\"search_term_string\"}}],\"inLanguage\":\"fr-FR\"},{\"@type\":\"Organization\",\"@id\":\"https:\\\/\\\/ramtechglobal.com\\\/#organization\",\"name\":\"Ramtech Global\",\"url\":\"https:\\\/\\\/ramtechglobal.com\\\/\",\"logo\":{\"@type\":\"ImageObject\",\"inLanguage\":\"fr-FR\",\"@id\":\"https:\\\/\\\/ramtechglobal.com\\\/#\\\/schema\\\/logo\\\/image\\\/\",\"url\":\"https:\\\/\\\/ramtechglobal.com\\\/wp-content\\\/uploads\\\/ramtech_logo_ob.svg\",\"contentUrl\":\"https:\\\/\\\/ramtechglobal.com\\\/wp-content\\\/uploads\\\/ramtech_logo_ob.svg\",\"width\":\"1\",\"height\":\"1\",\"caption\":\"Ramtech Global\"},\"image\":{\"@id\":\"https:\\\/\\\/ramtechglobal.com\\\/#\\\/schema\\\/logo\\\/image\\\/\"}}]}<\/script>\n<!-- \/ Yoast SEO Premium plugin. -->","yoast_head_json":{"title":"Maintenance - Ramtech Global","robots":{"index":"index","follow":"follow","max-snippet":"max-snippet:-1","max-image-preview":"max-image-preview:large","max-video-preview":"max-video-preview:-1"},"canonical":"https:\/\/ramtechglobal.com\/fr\/entretien\/","og_locale":"fr_FR","og_type":"article","og_title":"Maintenance","og_url":"https:\/\/ramtechglobal.com\/fr\/entretien\/","og_site_name":"Ramtech Global","article_modified_time":"2025-02-28T12:11:09+00:00","twitter_card":"summary_large_image","twitter_misc":{"Dur\u00e9e de lecture estim\u00e9e":"1 minute"},"schema":{"@context":"https:\/\/schema.org","@graph":[{"@type":"WebPage","@id":"https:\/\/ramtechglobal.com\/maintenance\/","url":"https:\/\/ramtechglobal.com\/maintenance\/","name":"Maintenance - Ramtech Global","isPartOf":{"@id":"https:\/\/ramtechglobal.com\/#website"},"datePublished":"2025-02-28T12:10:36+00:00","dateModified":"2025-02-28T12:11:09+00:00","breadcrumb":{"@id":"https:\/\/ramtechglobal.com\/maintenance\/#breadcrumb"},"inLanguage":"fr-FR","potentialAction":[{"@type":"ReadAction","target":["https:\/\/ramtechglobal.com\/maintenance\/"]}]},{"@type":"BreadcrumbList","@id":"https:\/\/ramtechglobal.com\/maintenance\/#breadcrumb","itemListElement":[{"@type":"ListItem","position":1,"name":"Home","item":"https:\/\/ramtechglobal.com\/"},{"@type":"ListItem","position":2,"name":"Maintenance"}]},{"@type":"WebSite","@id":"https:\/\/ramtechglobal.com\/#website","url":"https:\/\/ramtechglobal.com\/","name":"Ramtech Global","description":"Fa\u00e7onner un Monde Plus S\u00fbr Gr\u00e2ce \u00e0 l\u2019Innovation","publisher":{"@id":"https:\/\/ramtechglobal.com\/#organization"},"potentialAction":[{"@type":"SearchAction","target":{"@type":"EntryPoint","urlTemplate":"https:\/\/ramtechglobal.com\/?s={search_term_string}"},"query-input":{"@type":"PropertyValueSpecification","valueRequired":true,"valueName":"search_term_string"}}],"inLanguage":"fr-FR"},{"@type":"Organization","@id":"https:\/\/ramtechglobal.com\/#organization","name":"Ramtech Global","url":"https:\/\/ramtechglobal.com\/","logo":{"@type":"ImageObject","inLanguage":"fr-FR","@id":"https:\/\/ramtechglobal.com\/#\/schema\/logo\/image\/","url":"https:\/\/ramtechglobal.com\/wp-content\/uploads\/ramtech_logo_ob.svg","contentUrl":"https:\/\/ramtechglobal.com\/wp-content\/uploads\/ramtech_logo_ob.svg","width":"1","height":"1","caption":"Ramtech Global"},"image":{"@id":"https:\/\/ramtechglobal.com\/#\/schema\/logo\/image\/"}}]}},"_links":{"self":[{"href":"https:\/\/ramtechglobal.com\/fr\/wp-json\/wp\/v2\/pages\/142038","targetHints":{"allow":["GET"]}}],"collection":[{"href":"https:\/\/ramtechglobal.com\/fr\/wp-json\/wp\/v2\/pages"}],"about":[{"href":"https:\/\/ramtechglobal.com\/fr\/wp-json\/wp\/v2\/types\/page"}],"author":[{"embeddable":true,"href":"https:\/\/ramtechglobal.com\/fr\/wp-json\/wp\/v2\/users\/1"}],"replies":[{"embeddable":true,"href":"https:\/\/ramtechglobal.com\/fr\/wp-json\/wp\/v2\/comments?post=142038"}],"version-history":[{"count":0,"href":"https:\/\/ramtechglobal.com\/fr\/wp-json\/wp\/v2\/pages\/142038\/revisions"}],"wp:attachment":[{"href":"https:\/\/ramtechglobal.com\/fr\/wp-json\/wp\/v2\/media?parent=142038"}],"curies":[{"name":"wp","href":"https:\/\/api.w.org\/{rel}","templated":true}]}}